{"id":42,"date":"2015-02-28T10:48:04","date_gmt":"2015-02-28T10:48:04","guid":{"rendered":"http:\/\/radani.agency\/mauritius\/locationvillasradani\/?page_id=42"},"modified":"2016-10-23T15:47:34","modified_gmt":"2016-10-23T15:47:34","slug":"villaradha","status":"publish","type":"page","link":"https:\/\/radani.agency\/mauritius\/location-villas-radani\/villaradha\/","title":{"rendered":"Villa Radha"},"content":{"rendered":"<div class=\"su-box su-box-style-default\" id=\"\" style=\"border-color:#009ea0;border-radius:3px;\"><div class=\"su-box-title\" style=\"background-color:#2fd1d3;color:#FFFFFF;border-top-left-radius:1px;border-top-right-radius:1px\"><strong>Villa Radha<\/strong><\/div><div class=\"su-box-content su-u-clearfix su-u-trim\" style=\"border-bottom-left-radius:1px;border-bottom-right-radius:1px\">\n<div class=\"su-pullquote su-pullquote-align-left\"><a href=\"http:\/\/radani.agency\/mauritius\/locationvillasradani\/wp-content\/uploads\/sites\/9\/2015\/05\/maison_11.jpeg\"><img loading=\"lazy\" decoding=\"async\" class=\"alignnone size-medium wp-image-497\" src=\"http:\/\/radani.agency\/mauritius\/locationvillasradani\/wp-content\/uploads\/sites\/9\/2015\/05\/maison_11-300x199.jpeg\" alt=\"maison_11\" width=\"300\" height=\"199\" srcset=\"https:\/\/radani.agency\/mauritius\/location-villas-radani\/wp-content\/uploads\/sites\/9\/2015\/05\/maison_11-300x199.jpeg 300w, https:\/\/radani.agency\/mauritius\/location-villas-radani\/wp-content\/uploads\/sites\/9\/2015\/05\/maison_11.jpeg 640w\" sizes=\"auto, (max-width: 300px) 100vw, 300px\" \/><\/a><\/p>\n<p>Entr\u00e9e de la villa Radha<br \/>\n<\/div>\n<p>Villa Radha \u2013 90m2 \u2013 2 chambres \u00e0 coucher\u00a0+ 1canap\u00e9 lit d\u2019appoint + lit b\u00e9b\u00e9 si besoin<\/p>\n<p>Au rez de chauss\u00e9e:<\/p>\n<ul>\n<li>canap\u00e9 (lit), salon, bureau, salle \u00e0 manger, cuisine, frigo, machine \u00e0 laver, ouvrant sur la terrasse avec table et 6 chaises, donnant sur le jardin et piscine<\/li>\n<\/ul>\n<p>Au 1er \u00e9tage:<\/p>\n<ul>\n<li>salle de bain, lavabo, douche, wc<\/li>\n<li>2 chambres climatis\u00e9es avec\u00a0grand lits, armoires, fen\u00eatres<\/li>\n<li>1 terrasse avec vue sur la mer, le jardin et piscine<\/li>\n<\/ul>\n<p>&nbsp;<\/p>\n<div class=\"su-row\">\n<div class=\"su-column su-column-size-1-4\"><div class=\"su-column-inner su-u-clearfix su-u-trim\">\n<p><a href=\"http:\/\/radani.agency\/mauritius\/location-villas-radani\/wp-content\/uploads\/sites\/9\/2015\/05\/maison_14.jpeg\"><img loading=\"lazy\" decoding=\"async\" class=\"alignnone wp-image-500 size-medium\" src=\"http:\/\/radani.agency\/mauritius\/location-villas-radani\/wp-content\/uploads\/sites\/9\/2015\/05\/maison_14-300x199.jpeg\" width=\"300\" height=\"199\" srcset=\"https:\/\/radani.agency\/mauritius\/location-villas-radani\/wp-content\/uploads\/sites\/9\/2015\/05\/maison_14-300x199.jpeg 300w, https:\/\/radani.agency\/mauritius\/location-villas-radani\/wp-content\/uploads\/sites\/9\/2015\/05\/maison_14.jpeg 640w\" sizes=\"auto, (max-width: 300px) 100vw, 300px\" \/><\/a><\/p>\n<\/div><\/div>\n<div class=\"su-column su-column-size-2-4\"><div class=\"su-column-inner su-u-clearfix su-u-trim\">\n<p><a href=\"http:\/\/radani.agency\/mauritius\/locationvillasradani\/wp-content\/uploads\/sites\/9\/2015\/05\/maison_12.jpeg\"><img loading=\"lazy\" decoding=\"async\" class=\"alignnone size-medium wp-image-498\" src=\"http:\/\/radani.agency\/mauritius\/locationvillasradani\/wp-content\/uploads\/sites\/9\/2015\/05\/maison_12-300x199.jpeg\" alt=\"maison_12\" width=\"300\" height=\"199\" srcset=\"https:\/\/radani.agency\/mauritius\/location-villas-radani\/wp-content\/uploads\/sites\/9\/2015\/05\/maison_12-300x199.jpeg 300w, https:\/\/radani.agency\/mauritius\/location-villas-radani\/wp-content\/uploads\/sites\/9\/2015\/05\/maison_12.jpeg 640w\" sizes=\"auto, (max-width: 300px) 100vw, 300px\" \/><\/a><\/p>\n<\/div><\/div><div class=\"su-column su-column-size-3-3\"><div class=\"su-column-inner su-u-clearfix su-u-trim\">\n<div class=\"su-column su-column-size-3-4\"><div class=\"su-column-inner su-u-clearfix su-u-trim\"><\/div><\/div>\n<p><a href=\"http:\/\/radani.agency\/mauritius\/location-villas-radani\/wp-content\/uploads\/sites\/9\/2016\/02\/DSC0087.jpg\"><img loading=\"lazy\" decoding=\"async\" class=\"alignnone wp-image-852\" src=\"http:\/\/radani.agency\/mauritius\/location-villas-radani\/wp-content\/uploads\/sites\/9\/2016\/02\/DSC0087-300x201.jpg\" width=\"286\" height=\"192\" srcset=\"https:\/\/radani.agency\/mauritius\/location-villas-radani\/wp-content\/uploads\/sites\/9\/2016\/02\/DSC0087-300x201.jpg 300w, https:\/\/radani.agency\/mauritius\/location-villas-radani\/wp-content\/uploads\/sites\/9\/2016\/02\/DSC0087-1024x684.jpg 1024w, https:\/\/radani.agency\/mauritius\/location-villas-radani\/wp-content\/uploads\/sites\/9\/2016\/02\/DSC0087.jpg 1200w\" sizes=\"auto, (max-width: 286px) 100vw, 286px\" \/><\/a><\/p>\n<\/div><\/div><div class=\"su-column su-column-size-4-4\"><div class=\"su-column-inner su-u-clearfix su-u-trim\">\n<\/div><\/div><\/div><\/div><\/div>\n","protected":false},"excerpt":{"rendered":"","protected":false},"author":1,"featured_media":415,"parent":0,"menu_order":0,"comment_status":"closed","ping_status":"closed","template":"","meta":{"footnotes":""},"class_list":["post-42","page","type-page","status-publish","has-post-thumbnail","czr-hentry"],"yoast_head":"<!-- This site is optimized with the Yoast SEO plugin v25.9 - https:\/\/yoast.com\/wordpress\/plugins\/seo\/ -->\n<title>Villa Radha - Bienvenue aux Villas Radani<\/title>\n<meta name=\"robots\" content=\"noindex, follow, max-snippet:-1, max-image-preview:large, max-video-preview:-1\" \/>\n<meta property=\"og:locale\" content=\"en_US\" \/>\n<meta property=\"og:type\" content=\"article\" \/>\n<meta property=\"og:title\" content=\"Villa Radha - Bienvenue aux Villas Radani\" \/>\n<meta property=\"og:url\" content=\"https:\/\/radani.agency\/mauritius\/location-villas-radani\/villaradha\/\" \/>\n<meta property=\"og:site_name\" content=\"Bienvenue aux Villas Radani\" \/>\n<meta property=\"article:modified_time\" content=\"2016-10-23T15:47:34+00:00\" \/>\n<meta property=\"og:image\" content=\"https:\/\/radani.agency\/mauritius\/location-villas-radani\/wp-content\/uploads\/sites\/9\/2015\/05\/DSC_0037.jpeg\" \/>\n\t<meta property=\"og:image:width\" content=\"640\" \/>\n\t<meta property=\"og:image:height\" content=\"424\" \/>\n\t<meta property=\"og:image:type\" content=\"image\/jpeg\" \/>\n<meta name=\"twitter:label1\" content=\"Est. reading time\" \/>\n\t<meta name=\"twitter:data1\" content=\"1 minute\" \/>\n<script type=\"application\/ld+json\" class=\"yoast-schema-graph\">{\"@context\":\"https:\/\/schema.org\",\"@graph\":[{\"@type\":\"WebPage\",\"@id\":\"https:\/\/radani.agency\/mauritius\/location-villas-radani\/villaradha\/\",\"url\":\"https:\/\/radani.agency\/mauritius\/location-villas-radani\/villaradha\/\",\"name\":\"Villa Radha - Bienvenue aux Villas Radani\",\"isPartOf\":{\"@id\":\"https:\/\/radani.agency\/mauritius\/location-villas-radani\/#website\"},\"primaryImageOfPage\":{\"@id\":\"https:\/\/radani.agency\/mauritius\/location-villas-radani\/villaradha\/#primaryimage\"},\"image\":{\"@id\":\"https:\/\/radani.agency\/mauritius\/location-villas-radani\/villaradha\/#primaryimage\"},\"thumbnailUrl\":\"https:\/\/radani.agency\/mauritius\/location-villas-radani\/wp-content\/uploads\/sites\/9\/2015\/05\/DSC_0037.jpeg\",\"datePublished\":\"2015-02-28T10:48:04+00:00\",\"dateModified\":\"2016-10-23T15:47:34+00:00\",\"breadcrumb\":{\"@id\":\"https:\/\/radani.agency\/mauritius\/location-villas-radani\/villaradha\/#breadcrumb\"},\"inLanguage\":\"en-US\",\"potentialAction\":[{\"@type\":\"ReadAction\",\"target\":[\"https:\/\/radani.agency\/mauritius\/location-villas-radani\/villaradha\/\"]}]},{\"@type\":\"ImageObject\",\"inLanguage\":\"en-US\",\"@id\":\"https:\/\/radani.agency\/mauritius\/location-villas-radani\/villaradha\/#primaryimage\",\"url\":\"https:\/\/radani.agency\/mauritius\/location-villas-radani\/wp-content\/uploads\/sites\/9\/2015\/05\/DSC_0037.jpeg\",\"contentUrl\":\"https:\/\/radani.agency\/mauritius\/location-villas-radani\/wp-content\/uploads\/sites\/9\/2015\/05\/DSC_0037.jpeg\",\"width\":640,\"height\":424},{\"@type\":\"BreadcrumbList\",\"@id\":\"https:\/\/radani.agency\/mauritius\/location-villas-radani\/villaradha\/#breadcrumb\",\"itemListElement\":[{\"@type\":\"ListItem\",\"position\":1,\"name\":\"Home\",\"item\":\"https:\/\/radani.agency\/mauritius\/location-villas-radani\/en-gb\/\"},{\"@type\":\"ListItem\",\"position\":2,\"name\":\"Villa Radha\"}]},{\"@type\":\"WebSite\",\"@id\":\"https:\/\/radani.agency\/mauritius\/location-villas-radani\/#website\",\"url\":\"https:\/\/radani.agency\/mauritius\/location-villas-radani\/\",\"name\":\"Bienvenue aux Villas Radani\",\"description\":\"Plus qu\u2019un Voyage\u2026 une Rencontre\",\"potentialAction\":[{\"@type\":\"SearchAction\",\"target\":{\"@type\":\"EntryPoint\",\"urlTemplate\":\"https:\/\/radani.agency\/mauritius\/location-villas-radani\/?s={search_term_string}\"},\"query-input\":{\"@type\":\"PropertyValueSpecification\",\"valueRequired\":true,\"valueName\":\"search_term_string\"}}],\"inLanguage\":\"en-US\"}]}<\/script>\n<!-- \/ Yoast SEO plugin. -->","yoast_head_json":{"title":"Villa Radha - Bienvenue aux Villas Radani","robots":{"index":"noindex","follow":"follow","max-snippet":"max-snippet:-1","max-image-preview":"max-image-preview:large","max-video-preview":"max-video-preview:-1"},"og_locale":"en_US","og_type":"article","og_title":"Villa Radha - Bienvenue aux Villas Radani","og_url":"https:\/\/radani.agency\/mauritius\/location-villas-radani\/villaradha\/","og_site_name":"Bienvenue aux Villas Radani","article_modified_time":"2016-10-23T15:47:34+00:00","og_image":[{"width":640,"height":424,"url":"https:\/\/radani.agency\/mauritius\/location-villas-radani\/wp-content\/uploads\/sites\/9\/2015\/05\/DSC_0037.jpeg","type":"image\/jpeg"}],"twitter_misc":{"Est. reading time":"1 minute"},"schema":{"@context":"https:\/\/schema.org","@graph":[{"@type":"WebPage","@id":"https:\/\/radani.agency\/mauritius\/location-villas-radani\/villaradha\/","url":"https:\/\/radani.agency\/mauritius\/location-villas-radani\/villaradha\/","name":"Villa Radha - Bienvenue aux Villas Radani","isPartOf":{"@id":"https:\/\/radani.agency\/mauritius\/location-villas-radani\/#website"},"primaryImageOfPage":{"@id":"https:\/\/radani.agency\/mauritius\/location-villas-radani\/villaradha\/#primaryimage"},"image":{"@id":"https:\/\/radani.agency\/mauritius\/location-villas-radani\/villaradha\/#primaryimage"},"thumbnailUrl":"https:\/\/radani.agency\/mauritius\/location-villas-radani\/wp-content\/uploads\/sites\/9\/2015\/05\/DSC_0037.jpeg","datePublished":"2015-02-28T10:48:04+00:00","dateModified":"2016-10-23T15:47:34+00:00","breadcrumb":{"@id":"https:\/\/radani.agency\/mauritius\/location-villas-radani\/villaradha\/#breadcrumb"},"inLanguage":"en-US","potentialAction":[{"@type":"ReadAction","target":["https:\/\/radani.agency\/mauritius\/location-villas-radani\/villaradha\/"]}]},{"@type":"ImageObject","inLanguage":"en-US","@id":"https:\/\/radani.agency\/mauritius\/location-villas-radani\/villaradha\/#primaryimage","url":"https:\/\/radani.agency\/mauritius\/location-villas-radani\/wp-content\/uploads\/sites\/9\/2015\/05\/DSC_0037.jpeg","contentUrl":"https:\/\/radani.agency\/mauritius\/location-villas-radani\/wp-content\/uploads\/sites\/9\/2015\/05\/DSC_0037.jpeg","width":640,"height":424},{"@type":"BreadcrumbList","@id":"https:\/\/radani.agency\/mauritius\/location-villas-radani\/villaradha\/#breadcrumb","itemListElement":[{"@type":"ListItem","position":1,"name":"Home","item":"https:\/\/radani.agency\/mauritius\/location-villas-radani\/en-gb\/"},{"@type":"ListItem","position":2,"name":"Villa Radha"}]},{"@type":"WebSite","@id":"https:\/\/radani.agency\/mauritius\/location-villas-radani\/#website","url":"https:\/\/radani.agency\/mauritius\/location-villas-radani\/","name":"Bienvenue aux Villas Radani","description":"Plus qu\u2019un Voyage\u2026 une Rencontre","potentialAction":[{"@type":"SearchAction","target":{"@type":"EntryPoint","urlTemplate":"https:\/\/radani.agency\/mauritius\/location-villas-radani\/?s={search_term_string}"},"query-input":{"@type":"PropertyValueSpecification","valueRequired":true,"valueName":"search_term_string"}}],"inLanguage":"en-US"}]}},"_links":{"self":[{"href":"https:\/\/radani.agency\/mauritius\/location-villas-radani\/wp-json\/wp\/v2\/pages\/42","targetHints":{"allow":["GET"]}}],"collection":[{"href":"https:\/\/radani.agency\/mauritius\/location-villas-radani\/wp-json\/wp\/v2\/pages"}],"about":[{"href":"https:\/\/radani.agency\/mauritius\/location-villas-radani\/wp-json\/wp\/v2\/types\/page"}],"author":[{"embeddable":true,"href":"https:\/\/radani.agency\/mauritius\/location-villas-radani\/wp-json\/wp\/v2\/users\/1"}],"replies":[{"embeddable":true,"href":"https:\/\/radani.agency\/mauritius\/location-villas-radani\/wp-json\/wp\/v2\/comments?post=42"}],"version-history":[{"count":107,"href":"https:\/\/radani.agency\/mauritius\/location-villas-radani\/wp-json\/wp\/v2\/pages\/42\/revisions"}],"predecessor-version":[{"id":1026,"href":"https:\/\/radani.agency\/mauritius\/location-villas-radani\/wp-json\/wp\/v2\/pages\/42\/revisions\/1026"}],"wp:featuredmedia":[{"embeddable":true,"href":"https:\/\/radani.agency\/mauritius\/location-villas-radani\/wp-json\/wp\/v2\/media\/415"}],"wp:attachment":[{"href":"https:\/\/radani.agency\/mauritius\/location-villas-radani\/wp-json\/wp\/v2\/media?parent=42"}],"curies":[{"name":"wp","href":"https:\/\/api.w.org\/{rel}","templated":true}]}}