{"id":390,"date":"2015-05-06T12:27:44","date_gmt":"2015-05-06T12:27:44","guid":{"rendered":"http:\/\/radani.agency\/mauritius\/locationvillasradani\/?page_id=390"},"modified":"2024-04-28T07:00:10","modified_gmt":"2024-04-28T07:00:10","slug":"tarifs-2-2","status":"publish","type":"page","link":"https:\/\/radani.agency\/mauritius\/location-villas-radani\/tarifs-2-2\/","title":{"rendered":"Tarifs"},"content":{"rendered":"<div class=\"su-box su-box-style-default\" id=\"\" style=\"border-color:#009ea0;border-radius:3px;\"><div class=\"su-box-title\" style=\"background-color:#2fd1d3;color:#FFFFFF;border-top-left-radius:1px;border-top-right-radius:1px\">Demande de devis d\u00e9taill\u00e9 selon :<\/div><div class=\"su-box-content su-u-clearfix su-u-trim\" style=\"border-bottom-left-radius:1px;border-bottom-right-radius:1px\">\n<table width=\"566\">\n<tbody>\n<tr>\n<td width=\"378\">\n<h2>Base de Tarifs 2024<\/h2>\n<\/td>\n<td width=\"188\"><\/td>\n<\/tr>\n<tr>\n<td><\/td>\n<td><\/td>\n<\/tr>\n<tr>\n<td>\n<h3>Logement<\/h3>\n<\/td>\n<td><\/td>\n<\/tr>\n<tr>\n<td><\/td>\n<td><\/td>\n<\/tr>\n<tr>\n<td><strong>R\u00e9sidence de deux villas ind\u00e9pendantes avec piscine privative<\/strong>Selon la formule:<strong>Forfait de 300.-Euros TTC \/ jours pour groupes de 4 \u00e0 8 personnes\u00a0<\/strong><\/p>\n<p><strong>Forfait de 350.-Euros TTC \/ jours pour groupes de 9 \u00e0 15 personnes\u00a0<\/strong><\/p>\n<p><strong>Selon la saison: D\u00e8s\u00a0 30.-Euros par personne\u00a0 \/ jours \u00e0 la demande, si disponible<\/strong><\/td>\n<td><\/td>\n<\/tr>\n<tr>\n<td>\n<table width=\"1138\">\n<tbody>\n<tr>\n<td>Les prix forfaitaires peuvent \u00eatre variable selon la saison.Faire une demande <a href=\"radha@radani.agency\">e-mail<\/a> ou <a href=\"http:\/\/radani.agency\/mauritius\/location-villas-radani\/reservations-2\/\">formulaire<\/a>pour un devis selon la saison<\/td>\n<\/tr>\n<tr>\n<td><\/td>\n<\/tr>\n<tr>\n<td>Ces tarifs favorisent volontairement les regroupements de personnes (familles, groupes)<\/td>\n<\/tr>\n<tr>\n<td>Le repas du jour d\u2019arriv\u00e9e est offertLe petit d\u00e9jeuner de tous les jours, est compris dans le tarif de logementLe m\u00e9nage est compris ( sauf dimanche et jours feri\u00e9s )Propri\u00e9taire sur place<\/p>\n<p>Aucun co\u00fbt cach\u00e9<\/td>\n<\/tr>\n<\/tbody>\n<\/table>\n<\/td>\n<td><\/td>\n<\/tr>\n<tr>\n<td>\n<h3>Prestations h\u00f4teli\u00e8res avec suppl\u00e9ment<\/h3>\n<\/td>\n<td><\/td>\n<\/tr>\n<tr>\n<td><strong>Accueil et les 2 transferts: A\u00e9roport &#8211; Villas &#8211; A\u00e9roport<\/strong><\/td>\n<td><\/td>\n<\/tr>\n<tr>\n<td><strong>Pension \/ Demi-pension: co\u00fbt des ingr\u00e9dients \u00e0 la charge\u00a0du client<\/strong><\/td>\n<td><\/td>\n<\/tr>\n<tr>\n<td>Soins de beaut\u00e9 &#8211; Massages<\/td>\n<td><\/td>\n<\/tr>\n<tr>\n<td>Excursions \u00e0 la journ\u00e9e<\/td>\n<td><\/td>\n<\/tr>\n<tr>\n<td><\/td>\n<td><\/td>\n<\/tr>\n<tr>\n<td>\n<h3><\/h3>\n<\/td>\n<td><\/td>\n<\/tr>\n<tr>\n<td><\/td>\n<td><\/td>\n<\/tr>\n<tr>\n<td><\/td>\n<td><\/td>\n<\/tr>\n<tr>\n<td><\/td>\n<td><\/td>\n<\/tr>\n<tr>\n<td><\/td>\n<td><\/td>\n<\/tr>\n<tr>\n<td><\/td>\n<td><\/td>\n<\/tr>\n<tr>\n<td><\/td>\n<td><\/td>\n<\/tr>\n<tr>\n<td><\/td>\n<td><\/td>\n<\/tr>\n<tr>\n<td><\/td>\n<td><\/td>\n<\/tr>\n<tr>\n<td><\/td>\n<td><\/td>\n<\/tr>\n<tr>\n<td><\/td>\n<td><\/td>\n<\/tr>\n<tr>\n<td colspan=\"2\"><\/td>\n<\/tr>\n<tr>\n<td><\/td>\n<td><\/td>\n<\/tr>\n<tr>\n<td><\/td>\n<td><\/td>\n<\/tr>\n<tr>\n<td><\/td>\n<td><\/td>\n<\/tr>\n<tr>\n<td><\/td>\n<td><\/td>\n<\/tr>\n<tr>\n<td><\/td>\n<td><\/td>\n<\/tr>\n<tr>\n<td><\/td>\n<td><\/td>\n<\/tr>\n<tr>\n<td><\/td>\n<td><\/td>\n<\/tr>\n<tr>\n<td><\/td>\n<td><\/td>\n<\/tr>\n<tr>\n<td><\/td>\n<td><\/td>\n<\/tr>\n<tr>\n<td><\/td>\n<td><\/td>\n<\/tr>\n<tr>\n<td><\/td>\n<td><\/td>\n<\/tr>\n<tr>\n<td><\/td>\n<td><\/td>\n<\/tr>\n<tr>\n<td><\/td>\n<td><\/td>\n<\/tr>\n<tr>\n<td><\/td>\n<td><\/td>\n<\/tr>\n<tr>\n<td><\/td>\n<td><\/td>\n<\/tr>\n<tr>\n<td><\/td>\n<td><\/td>\n<\/tr>\n<tr>\n<td><\/td>\n<td><\/td>\n<\/tr>\n<tr>\n<td>\n<h3>Ev\u00e9nements familliaux :<\/h3>\n<\/td>\n<td><\/td>\n<\/tr>\n<tr>\n<td>Voyages de noces<\/td>\n<td><\/td>\n<\/tr>\n<tr>\n<td>Organisation de mariages<\/td>\n<td><\/td>\n<\/tr>\n<tr>\n<td>Anniversaires<\/td>\n<td><\/td>\n<\/tr>\n<tr>\n<td>R\u00e9ceptions<\/td>\n<td><\/td>\n<\/tr>\n<tr>\n<td>B\u00e2ptemes<\/td>\n<td><\/td>\n<\/tr>\n<tr>\n<td colspan=\"2\">Pour toutes informations compl\u00e9mentaires, veuillez nous contacter.<\/td>\n<\/tr>\n<tr>\n<td><\/td>\n<td><\/td>\n<\/tr>\n<\/tbody>\n<\/table>\n<p style=\"text-align: center;\"><a href=\"http:\/\/radani.agency\/mauritius\/location-villas-radani\/reservations-2\/\"><div class=\"su-note\"  style=\"border-color:#e5e54c;border-radius:3px;-moz-border-radius:3px;-webkit-border-radius:3px;\"><div class=\"su-note-inner su-u-clearfix su-u-trim\" style=\"background-color:#FFFF66;border-color:#ffffff;color:#333333;border-radius:3px;-moz-border-radius:3px;-webkit-border-radius:3px;\"> \u00a0\u00a0Demander un devis pour votre\u00a0s\u00e9jour \u00a0<\/div><\/div><\/a><\/p>\n<\/div><\/div>\n<div id=\"su_carousel_69ee63a28ae42\" class=\"su-carousel su-carousel-centered su-carousel-pages-yes su-carousel-responsive-yes\" style=\"width:100%\" data-autoplay=\"3000\" data-speed=\"600\" data-mousewheel=\"true\" data-items=\"9\" data-scroll=\"2\"><div class=\"su-carousel-slides\"><div class=\"su-carousel-slide\"><a href=\"https:\/\/radani.agency\/mauritius\/location-villas-radani\/wp-content\/uploads\/sites\/9\/2016\/02\/03_DSC0262.jpg\" title=\"03_DSC0262\"><img decoding=\"async\" src=\"https:\/\/radani.agency\/mauritius\/location-villas-radani\/wp-content\/uploads\/sites\/9\/2016\/02\/03_DSC0262.jpg\" alt=\"03_DSC0262\" \/><\/a><\/div><div class=\"su-carousel-slide\"><a href=\"https:\/\/radani.agency\/mauritius\/location-villas-radani\/wp-content\/uploads\/sites\/9\/2016\/02\/34_DSC02611.jpg\" title=\"34_DSC02611\"><img decoding=\"async\" src=\"https:\/\/radani.agency\/mauritius\/location-villas-radani\/wp-content\/uploads\/sites\/9\/2016\/02\/34_DSC02611.jpg\" alt=\"34_DSC02611\" \/><\/a><\/div><div class=\"su-carousel-slide\"><a href=\"https:\/\/radani.agency\/mauritius\/location-villas-radani\/wp-content\/uploads\/sites\/9\/2016\/02\/33_DSC02701.jpg\" title=\"33_DSC0270\"><img decoding=\"async\" src=\"https:\/\/radani.agency\/mauritius\/location-villas-radani\/wp-content\/uploads\/sites\/9\/2016\/02\/33_DSC02701.jpg\" alt=\"33_DSC0270\" \/><\/a><\/div><div class=\"su-carousel-slide\"><a href=\"https:\/\/radani.agency\/mauritius\/location-villas-radani\/wp-content\/uploads\/sites\/9\/2016\/02\/33_DSC0216.jpg\" title=\"33_DSC0216\"><img decoding=\"async\" src=\"https:\/\/radani.agency\/mauritius\/location-villas-radani\/wp-content\/uploads\/sites\/9\/2016\/02\/33_DSC0216.jpg\" alt=\"33_DSC0216\" \/><\/a><\/div><div class=\"su-carousel-slide\"><a href=\"https:\/\/radani.agency\/mauritius\/location-villas-radani\/wp-content\/uploads\/sites\/9\/2016\/02\/32_DSC0290.jpg\" title=\"32_DSC0290\"><img decoding=\"async\" src=\"https:\/\/radani.agency\/mauritius\/location-villas-radani\/wp-content\/uploads\/sites\/9\/2016\/02\/32_DSC0290.jpg\" alt=\"32_DSC0290\" \/><\/a><\/div><div class=\"su-carousel-slide\"><a href=\"https:\/\/radani.agency\/mauritius\/location-villas-radani\/wp-content\/uploads\/sites\/9\/2016\/02\/31_DSC0287.jpg\" title=\"31_DSC0287\"><img decoding=\"async\" src=\"https:\/\/radani.agency\/mauritius\/location-villas-radani\/wp-content\/uploads\/sites\/9\/2016\/02\/31_DSC0287.jpg\" alt=\"31_DSC0287\" \/><\/a><\/div><\/div><div class=\"su-carousel-nav\"><div class=\"su-carousel-direction\"><span class=\"su-carousel-prev\"><\/span><span class=\"su-carousel-next\"><\/span><\/div><div class=\"su-carousel-pagination\"><\/div><\/div><\/div>\n<div id=\"su_carousel_69ee63a28d920\" class=\"su-carousel su-carousel-centered su-carousel-pages-yes su-carousel-responsive-yes\" style=\"width:100%\" data-autoplay=\"3000\" data-speed=\"600\" data-mousewheel=\"true\" data-items=\"9\" data-scroll=\"3\"><div class=\"su-carousel-slides\"><div class=\"su-carousel-slide\"><a><img decoding=\"async\" src=\"https:\/\/radani.agency\/mauritius\/location-villas-radani\/wp-content\/uploads\/sites\/9\/2016\/02\/02_DSC0103.jpg\" alt=\"02_DSC0103\" \/><\/a><\/div><div class=\"su-carousel-slide\"><a><img decoding=\"async\" src=\"https:\/\/radani.agency\/mauritius\/location-villas-radani\/wp-content\/uploads\/sites\/9\/2016\/02\/34_DSC02611.jpg\" alt=\"34_DSC02611\" \/><\/a><\/div><div class=\"su-carousel-slide\"><a><img decoding=\"async\" src=\"https:\/\/radani.agency\/mauritius\/location-villas-radani\/wp-content\/uploads\/sites\/9\/2016\/02\/33_DSC02701.jpg\" alt=\"33_DSC0270\" \/><\/a><\/div><div class=\"su-carousel-slide\"><a><img decoding=\"async\" src=\"https:\/\/radani.agency\/mauritius\/location-villas-radani\/wp-content\/uploads\/sites\/9\/2016\/02\/31_DSC0287.jpg\" alt=\"31_DSC0287\" \/><\/a><\/div><\/div><div class=\"su-carousel-nav\"><div class=\"su-carousel-direction\"><span class=\"su-carousel-prev\"><\/span><span class=\"su-carousel-next\"><\/span><\/div><div class=\"su-carousel-pagination\"><\/div><\/div><\/div>\n","protected":false},"excerpt":{"rendered":"","protected":false},"author":1,"featured_media":0,"parent":0,"menu_order":0,"comment_status":"open","ping_status":"closed","template":"","meta":{"footnotes":""},"class_list":["post-390","page","type-page","status-publish","czr-hentry"],"yoast_head":"<!-- This site is optimized with the Yoast SEO plugin v25.9 - https:\/\/yoast.com\/wordpress\/plugins\/seo\/ -->\n<title>Tarifs - Bienvenue aux Villas Radani<\/title>\n<meta name=\"robots\" content=\"noindex, follow, max-snippet:-1, max-image-preview:large, max-video-preview:-1\" \/>\n<meta property=\"og:locale\" content=\"en_US\" \/>\n<meta property=\"og:type\" content=\"article\" \/>\n<meta property=\"og:title\" content=\"Tarifs - Bienvenue aux Villas Radani\" \/>\n<meta property=\"og:url\" content=\"https:\/\/radani.agency\/mauritius\/location-villas-radani\/tarifs-2-2\/\" \/>\n<meta property=\"og:site_name\" content=\"Bienvenue aux Villas Radani\" \/>\n<meta property=\"article:modified_time\" content=\"2024-04-28T07:00:10+00:00\" \/>\n<meta name=\"twitter:label1\" content=\"Est. reading time\" \/>\n\t<meta name=\"twitter:data1\" content=\"1 minute\" \/>\n<script type=\"application\/ld+json\" class=\"yoast-schema-graph\">{\"@context\":\"https:\/\/schema.org\",\"@graph\":[{\"@type\":\"WebPage\",\"@id\":\"https:\/\/radani.agency\/mauritius\/location-villas-radani\/tarifs-2-2\/\",\"url\":\"https:\/\/radani.agency\/mauritius\/location-villas-radani\/tarifs-2-2\/\",\"name\":\"Tarifs - Bienvenue aux Villas Radani\",\"isPartOf\":{\"@id\":\"https:\/\/radani.agency\/mauritius\/location-villas-radani\/#website\"},\"datePublished\":\"2015-05-06T12:27:44+00:00\",\"dateModified\":\"2024-04-28T07:00:10+00:00\",\"breadcrumb\":{\"@id\":\"https:\/\/radani.agency\/mauritius\/location-villas-radani\/tarifs-2-2\/#breadcrumb\"},\"inLanguage\":\"en-US\",\"potentialAction\":[{\"@type\":\"ReadAction\",\"target\":[\"https:\/\/radani.agency\/mauritius\/location-villas-radani\/tarifs-2-2\/\"]}]},{\"@type\":\"BreadcrumbList\",\"@id\":\"https:\/\/radani.agency\/mauritius\/location-villas-radani\/tarifs-2-2\/#breadcrumb\",\"itemListElement\":[{\"@type\":\"ListItem\",\"position\":1,\"name\":\"Home\",\"item\":\"https:\/\/radani.agency\/mauritius\/location-villas-radani\/en-gb\/\"},{\"@type\":\"ListItem\",\"position\":2,\"name\":\"Tarifs\"}]},{\"@type\":\"WebSite\",\"@id\":\"https:\/\/radani.agency\/mauritius\/location-villas-radani\/#website\",\"url\":\"https:\/\/radani.agency\/mauritius\/location-villas-radani\/\",\"name\":\"Bienvenue aux Villas Radani\",\"description\":\"Plus qu\u2019un Voyage\u2026 une Rencontre\",\"potentialAction\":[{\"@type\":\"SearchAction\",\"target\":{\"@type\":\"EntryPoint\",\"urlTemplate\":\"https:\/\/radani.agency\/mauritius\/location-villas-radani\/?s={search_term_string}\"},\"query-input\":{\"@type\":\"PropertyValueSpecification\",\"valueRequired\":true,\"valueName\":\"search_term_string\"}}],\"inLanguage\":\"en-US\"}]}<\/script>\n<!-- \/ Yoast SEO plugin. -->","yoast_head_json":{"title":"Tarifs - Bienvenue aux Villas Radani","robots":{"index":"noindex","follow":"follow","max-snippet":"max-snippet:-1","max-image-preview":"max-image-preview:large","max-video-preview":"max-video-preview:-1"},"og_locale":"en_US","og_type":"article","og_title":"Tarifs - Bienvenue aux Villas Radani","og_url":"https:\/\/radani.agency\/mauritius\/location-villas-radani\/tarifs-2-2\/","og_site_name":"Bienvenue aux Villas Radani","article_modified_time":"2024-04-28T07:00:10+00:00","twitter_misc":{"Est. reading time":"1 minute"},"schema":{"@context":"https:\/\/schema.org","@graph":[{"@type":"WebPage","@id":"https:\/\/radani.agency\/mauritius\/location-villas-radani\/tarifs-2-2\/","url":"https:\/\/radani.agency\/mauritius\/location-villas-radani\/tarifs-2-2\/","name":"Tarifs - Bienvenue aux Villas Radani","isPartOf":{"@id":"https:\/\/radani.agency\/mauritius\/location-villas-radani\/#website"},"datePublished":"2015-05-06T12:27:44+00:00","dateModified":"2024-04-28T07:00:10+00:00","breadcrumb":{"@id":"https:\/\/radani.agency\/mauritius\/location-villas-radani\/tarifs-2-2\/#breadcrumb"},"inLanguage":"en-US","potentialAction":[{"@type":"ReadAction","target":["https:\/\/radani.agency\/mauritius\/location-villas-radani\/tarifs-2-2\/"]}]},{"@type":"BreadcrumbList","@id":"https:\/\/radani.agency\/mauritius\/location-villas-radani\/tarifs-2-2\/#breadcrumb","itemListElement":[{"@type":"ListItem","position":1,"name":"Home","item":"https:\/\/radani.agency\/mauritius\/location-villas-radani\/en-gb\/"},{"@type":"ListItem","position":2,"name":"Tarifs"}]},{"@type":"WebSite","@id":"https:\/\/radani.agency\/mauritius\/location-villas-radani\/#website","url":"https:\/\/radani.agency\/mauritius\/location-villas-radani\/","name":"Bienvenue aux Villas Radani","description":"Plus qu\u2019un Voyage\u2026 une Rencontre","potentialAction":[{"@type":"SearchAction","target":{"@type":"EntryPoint","urlTemplate":"https:\/\/radani.agency\/mauritius\/location-villas-radani\/?s={search_term_string}"},"query-input":{"@type":"PropertyValueSpecification","valueRequired":true,"valueName":"search_term_string"}}],"inLanguage":"en-US"}]}},"_links":{"self":[{"href":"https:\/\/radani.agency\/mauritius\/location-villas-radani\/wp-json\/wp\/v2\/pages\/390","targetHints":{"allow":["GET"]}}],"collection":[{"href":"https:\/\/radani.agency\/mauritius\/location-villas-radani\/wp-json\/wp\/v2\/pages"}],"about":[{"href":"https:\/\/radani.agency\/mauritius\/location-villas-radani\/wp-json\/wp\/v2\/types\/page"}],"author":[{"embeddable":true,"href":"https:\/\/radani.agency\/mauritius\/location-villas-radani\/wp-json\/wp\/v2\/users\/1"}],"replies":[{"embeddable":true,"href":"https:\/\/radani.agency\/mauritius\/location-villas-radani\/wp-json\/wp\/v2\/comments?post=390"}],"version-history":[{"count":81,"href":"https:\/\/radani.agency\/mauritius\/location-villas-radani\/wp-json\/wp\/v2\/pages\/390\/revisions"}],"predecessor-version":[{"id":1453,"href":"https:\/\/radani.agency\/mauritius\/location-villas-radani\/wp-json\/wp\/v2\/pages\/390\/revisions\/1453"}],"wp:attachment":[{"href":"https:\/\/radani.agency\/mauritius\/location-villas-radani\/wp-json\/wp\/v2\/media?parent=390"}],"curies":[{"name":"wp","href":"https:\/\/api.w.org\/{rel}","templated":true}]}}