{"id":1108,"date":"2019-06-16T14:19:25","date_gmt":"2019-06-16T14:19:25","guid":{"rendered":"http:\/\/radani.agency\/mauritius\/location-villas-radani\/?page_id=1108"},"modified":"2024-04-28T07:59:09","modified_gmt":"2024-04-28T07:59:09","slug":"accueil-chaleureux-bienvenue-2","status":"publish","type":"page","link":"https:\/\/radani.agency\/mauritius\/location-villas-radani\/accueil-chaleureux-bienvenue-2\/","title":{"rendered":"Accueil chaleureux"},"content":{"rendered":"<div class=\"su-box su-box-style-default\" id=\"\" style=\"border-color:#009ea0;border-radius:3px;\"><div class=\"su-box-title\" style=\"background-color:#2fd1d3;color:#FFFFFF;border-top-left-radius:1px;border-top-right-radius:1px\">L\u2019\u00e9quipe de la villa Radani  \u00e0 votre \u00e9coute <\/div><div class=\"su-box-content su-u-clearfix su-u-trim\" style=\"border-bottom-left-radius:1px;border-bottom-right-radius:1px\">\n<div class=\"su-pullquote su-pullquote-align-left\"><a href=\"http:\/\/radani.agency\/mauritius\/locationvillasradani\/wp-content\/uploads\/sites\/9\/2015\/02\/Radha_Chapeau.jpg\">\u00a0 <\/a><a href=\"http:\/\/radani.agency\/mauritius\/location-villas-radani\/wp-content\/uploads\/sites\/9\/2024\/04\/R1_Chapeau-1024x768-1.jpg\"><img loading=\"lazy\" decoding=\"async\" class=\"alignnone wp-image-1455 size-medium\" src=\"http:\/\/radani.agency\/mauritius\/location-villas-radani\/wp-content\/uploads\/sites\/9\/2024\/04\/R1_Chapeau-1024x768-1-300x225.jpg\" alt=\"\" width=\"300\" height=\"225\" srcset=\"https:\/\/radani.agency\/mauritius\/location-villas-radani\/wp-content\/uploads\/sites\/9\/2024\/04\/R1_Chapeau-1024x768-1-300x225.jpg 300w, https:\/\/radani.agency\/mauritius\/location-villas-radani\/wp-content\/uploads\/sites\/9\/2024\/04\/R1_Chapeau-1024x768-1-768x576.jpg 768w, https:\/\/radani.agency\/mauritius\/location-villas-radani\/wp-content\/uploads\/sites\/9\/2024\/04\/R1_Chapeau-1024x768-1.jpg 1024w\" sizes=\"auto, (max-width: 300px) 100vw, 300px\" \/><\/a><\/p>\n<p>L&#8217;\u00e9quipe des Villas Radani :Danielle, Radha, P\u00e9p\u00e9, Anjoo, Lata, Kavita, vous souhaite la Bienvenue et vous pr\u00e9pare un accueil chaleureux<br \/>\n<\/div>\n<p>Chers Visiteurs, Chers Amis,<\/p>\n<p>Nous nous r\u00e9jouissons de vous ACCUEILLIR \u00a0!!!<\/p>\n<p>Venant de pr\u00e8s ou des pays lointains, apr\u00e8s de longues heures, vous atterrissez \u00e0 l\u2019a\u00e9roport international de l\u2019\u00eele Maurice. Nous y sommes pr\u00e9sents pour vous accueillir et vous accompagner sur votre lieu de vacances: les Villas Radani.<\/p>\n<p>Notre personnel vous a pr\u00e9par\u00e9 de petits plats aux saveurs du pays, vos vacances commencent bien \u2026<\/p>\n<p>\u2026 votre satisfaction est notre fiert\u00e9.<\/p>\n<p>Que l\u2019amiti\u00e9 nous vienne de toutes les directions<i>\u2026(Athartaveda)<\/i><\/p>\n<p>A bient\u00f4t<\/p>\n<p>En attendant &#8230; vous pouvez faire le\u00a0 tour du propri\u00e9taire :<\/p>\n\n<div data-mode=\"normal\" data-oembed=\"1\" data-provider=\"youtube\" id=\"arve-youtube-2eiotjm-zeu\" style=\"max-width:400px;\" class=\"arve alignleft\">\n\t<div class=\"arve-inner\">\n\t\t<div style=\"aspect-ratio:585\/329\" class=\"arve-embed arve-embed--has-aspect-ratio\">\n\t\t\t<div class=\"arve-ar\" style=\"padding-top:56.239316%\"><\/div>\n\t\t\t<iframe allow=\"accelerometer &#039;none&#039;;autoplay &#039;none&#039;;camera &#039;none&#039;;ch-ua &#039;none&#039;;clipboard-read &#039;none&#039;;clipboard-write;display-capture &#039;none&#039;;encrypted-media &#039;none&#039;;gamepad &#039;none&#039;;geolocation &#039;none&#039;;gyroscope &#039;none&#039;;hid &#039;none&#039;;identity-credentials-get &#039;none&#039;;idle-detection &#039;none&#039;;keyboard-map &#039;none&#039;;local-fonts &#039;none&#039;;magnetometer &#039;none&#039;;microphone &#039;none&#039;;midi &#039;none&#039;;payment &#039;none&#039;;picture-in-picture;publickey-credentials-create &#039;none&#039;;publickey-credentials-get &#039;none&#039;;screen-wake-lock &#039;none&#039;;serial &#039;none&#039;;sync-xhr;usb &#039;none&#039;;window-management &#039;none&#039;;xr-spatial-tracking &#039;none&#039;;\" allowfullscreen=\"\" class=\"arve-iframe fitvidsignore\" credentialless data-arve=\"arve-youtube-2eiotjm-zeu\" data-lenis-prevent=\"\" data-src-no-ap=\"https:\/\/www.youtube-nocookie.com\/embed\/2EioTjM-zEU?feature=oembed&amp;iv_load_policy=3&amp;modestbranding=1&amp;rel=0&amp;autohide=1&amp;playsinline=0&amp;start=1&amp;autoplay=0\" frameborder=\"0\" height=\"224.95726495726\" loading=\"lazy\" name=\"\" referrerpolicy=\"strict-origin-when-cross-origin\" sandbox=\"allow-scripts allow-same-origin allow-presentation allow-popups allow-popups-to-escape-sandbox\" scrolling=\"no\" src=\"https:\/\/www.youtube-nocookie.com\/embed\/2EioTjM-zEU?feature=oembed&#038;iv_load_policy=3&#038;modestbranding=1&#038;rel=0&#038;autohide=1&#038;playsinline=0&#038;start=1&#038;autoplay=0\" title=\"\" width=\"400\"><\/iframe>\n\t\t\t\n\t\t<\/div>\n\t\t\n\t<\/div>\n\t\n\t\n\t<script type=\"application\/ld+json\">{\"@context\":\"http:\\\/\\\/schema.org\\\/\",\"@id\":\"https:\\\/\\\/radani.agency\\\/mauritius\\\/location-villas-radani\\\/accueil-chaleureux-bienvenue-2\\\/#arve-youtube-2eiotjm-zeu\",\"type\":\"VideoObject\",\"embedURL\":\"https:\\\/\\\/www.youtube-nocookie.com\\\/embed\\\/2EioTjM-zEU?feature=oembed&iv_load_policy=3&modestbranding=1&rel=0&autohide=1&playsinline=0&start=1&autoplay=0\"}<\/script>\n<\/div>\n<\/div><\/div>\n<div id=\"su_carousel_69ee78eaac254\" class=\"su-carousel su-carousel-centered su-carousel-pages-yes su-carousel-responsive-yes\" style=\"width:100%\" data-autoplay=\"3000\" data-speed=\"600\" data-mousewheel=\"true\" data-items=\"2\" data-scroll=\"2\"><div class=\"su-carousel-slides\"><div class=\"su-carousel-slide\"><a><img decoding=\"async\" src=\"https:\/\/radani.agency\/mauritius\/location-villas-radani\/wp-content\/uploads\/sites\/9\/2016\/02\/45_DSC0265.jpg\" alt=\"notre_accueil45_DSC0265\" \/><\/a><\/div><div class=\"su-carousel-slide\"><a><img decoding=\"async\" src=\"https:\/\/radani.agency\/mauritius\/location-villas-radani\/wp-content\/uploads\/sites\/9\/2016\/02\/44_DSC0255.jpg\" alt=\"44_DSC0255\" \/><\/a><\/div><div class=\"su-carousel-slide\"><a><img decoding=\"async\" src=\"https:\/\/radani.agency\/mauritius\/location-villas-radani\/wp-content\/uploads\/sites\/9\/2016\/02\/34_DSC0261.jpg\" alt=\"34_DSC0261\" \/><\/a><\/div><div class=\"su-carousel-slide\"><a><img decoding=\"async\" src=\"https:\/\/radani.agency\/mauritius\/location-villas-radani\/wp-content\/uploads\/sites\/9\/2016\/02\/DSC0272.jpg\" alt=\"_DSC0272\" \/><\/a><\/div><\/div><div class=\"su-carousel-nav\"><div class=\"su-carousel-direction\"><span class=\"su-carousel-prev\"><\/span><span class=\"su-carousel-next\"><\/span><\/div><div class=\"su-carousel-pagination\"><\/div><\/div><\/div>\n<div id=\"su_carousel_69ee78eaaf392\" class=\"su-carousel su-carousel-centered su-carousel-pages-yes su-carousel-responsive-yes su-lightbox-gallery\" style=\"width:100%\" data-autoplay=\"3000\" data-speed=\"600\" data-mousewheel=\"true\" data-items=\"9\" data-scroll=\"2\"><div class=\"su-carousel-slides\"><div class=\"su-carousel-slide\"><a href=\"https:\/\/radani.agency\/mauritius\/location-villas-radani\/wp-content\/uploads\/sites\/9\/2016\/02\/22_DSC0141.jpg\" target=\"_blank\" title=\"22_DSC0141\"><img decoding=\"async\" src=\"https:\/\/radani.agency\/mauritius\/location-villas-radani\/wp-content\/uploads\/sites\/9\/2016\/02\/22_DSC0141.jpg\" alt=\"22_DSC0141\" \/><\/a><\/div><div class=\"su-carousel-slide\"><a href=\"https:\/\/radani.agency\/mauritius\/location-villas-radani\/wp-content\/uploads\/sites\/9\/2016\/02\/23_DSC0138.jpg\" target=\"_blank\" title=\"23_DSC0138\"><img decoding=\"async\" src=\"https:\/\/radani.agency\/mauritius\/location-villas-radani\/wp-content\/uploads\/sites\/9\/2016\/02\/23_DSC0138.jpg\" alt=\"23_DSC0138\" \/><\/a><\/div><div class=\"su-carousel-slide\"><a href=\"https:\/\/radani.agency\/mauritius\/location-villas-radani\/wp-content\/uploads\/sites\/9\/2016\/02\/16_DSC0230.jpg\" target=\"_blank\" title=\"16_DSC0230\"><img decoding=\"async\" src=\"https:\/\/radani.agency\/mauritius\/location-villas-radani\/wp-content\/uploads\/sites\/9\/2016\/02\/16_DSC0230.jpg\" alt=\"16_DSC0230\" \/><\/a><\/div><div class=\"su-carousel-slide\"><a href=\"https:\/\/radani.agency\/mauritius\/location-villas-radani\/wp-content\/uploads\/sites\/9\/2016\/02\/21_DSC0142.jpg\" target=\"_blank\" title=\"21_DSC0142\"><img decoding=\"async\" src=\"https:\/\/radani.agency\/mauritius\/location-villas-radani\/wp-content\/uploads\/sites\/9\/2016\/02\/21_DSC0142.jpg\" alt=\"21_DSC0142\" \/><\/a><\/div><div class=\"su-carousel-slide\"><a href=\"https:\/\/radani.agency\/mauritius\/location-villas-radani\/wp-content\/uploads\/sites\/9\/2016\/02\/20_DSC0128.jpg\" target=\"_blank\" title=\"20_DSC0128\"><img decoding=\"async\" src=\"https:\/\/radani.agency\/mauritius\/location-villas-radani\/wp-content\/uploads\/sites\/9\/2016\/02\/20_DSC0128.jpg\" alt=\"20_DSC0128\" \/><\/a><\/div><div class=\"su-carousel-slide\"><a href=\"https:\/\/radani.agency\/mauritius\/location-villas-radani\/wp-content\/uploads\/sites\/9\/2016\/02\/19_DSC0127.jpg\" target=\"_blank\" title=\"19_DSC0127\"><img decoding=\"async\" src=\"https:\/\/radani.agency\/mauritius\/location-villas-radani\/wp-content\/uploads\/sites\/9\/2016\/02\/19_DSC0127.jpg\" alt=\"19_DSC0127\" \/><\/a><\/div><div class=\"su-carousel-slide\"><a href=\"https:\/\/radani.agency\/mauritius\/location-villas-radani\/wp-content\/uploads\/sites\/9\/2016\/02\/18_DSC0132.jpg\" target=\"_blank\" title=\"18_DSC0132\"><img decoding=\"async\" src=\"https:\/\/radani.agency\/mauritius\/location-villas-radani\/wp-content\/uploads\/sites\/9\/2016\/02\/18_DSC0132.jpg\" alt=\"18_DSC0132\" \/><\/a><\/div><div class=\"su-carousel-slide\"><a href=\"https:\/\/radani.agency\/mauritius\/location-villas-radani\/wp-content\/uploads\/sites\/9\/2016\/02\/17_DSC0114.jpg\" target=\"_blank\" title=\"17_DSC0114\"><img decoding=\"async\" src=\"https:\/\/radani.agency\/mauritius\/location-villas-radani\/wp-content\/uploads\/sites\/9\/2016\/02\/17_DSC0114.jpg\" alt=\"17_DSC0114\" \/><\/a><\/div><div class=\"su-carousel-slide\"><a href=\"https:\/\/radani.agency\/mauritius\/location-villas-radani\/wp-content\/uploads\/sites\/9\/2016\/02\/15_DSC0211.jpg\" target=\"_blank\" title=\"15_DSC0211\"><img decoding=\"async\" src=\"https:\/\/radani.agency\/mauritius\/location-villas-radani\/wp-content\/uploads\/sites\/9\/2016\/02\/15_DSC0211.jpg\" alt=\"15_DSC0211\" \/><\/a><\/div><div class=\"su-carousel-slide\"><a href=\"https:\/\/radani.agency\/mauritius\/location-villas-radani\/wp-content\/uploads\/sites\/9\/2016\/02\/14_DSC0208.jpg\" target=\"_blank\" title=\"14_DSC0208\"><img decoding=\"async\" src=\"https:\/\/radani.agency\/mauritius\/location-villas-radani\/wp-content\/uploads\/sites\/9\/2016\/02\/14_DSC0208.jpg\" alt=\"14_DSC0208\" \/><\/a><\/div><div class=\"su-carousel-slide\"><a href=\"https:\/\/radani.agency\/mauritius\/location-villas-radani\/wp-content\/uploads\/sites\/9\/2016\/02\/12_DSC0191.jpg\" target=\"_blank\" title=\"12_DSC0191\"><img decoding=\"async\" src=\"https:\/\/radani.agency\/mauritius\/location-villas-radani\/wp-content\/uploads\/sites\/9\/2016\/02\/12_DSC0191.jpg\" alt=\"12_DSC0191\" \/><\/a><\/div><div class=\"su-carousel-slide\"><a href=\"https:\/\/radani.agency\/mauritius\/location-villas-radani\/wp-content\/uploads\/sites\/9\/2016\/02\/11_DSC0176.jpg\" target=\"_blank\" title=\"11_DSC0176\"><img decoding=\"async\" src=\"https:\/\/radani.agency\/mauritius\/location-villas-radani\/wp-content\/uploads\/sites\/9\/2016\/02\/11_DSC0176.jpg\" alt=\"11_DSC0176\" \/><\/a><\/div><div class=\"su-carousel-slide\"><a href=\"https:\/\/radani.agency\/mauritius\/location-villas-radani\/wp-content\/uploads\/sites\/9\/2016\/02\/10_DSC0184.jpg\" target=\"_blank\" title=\"10_DSC0184\"><img decoding=\"async\" src=\"https:\/\/radani.agency\/mauritius\/location-villas-radani\/wp-content\/uploads\/sites\/9\/2016\/02\/10_DSC0184.jpg\" alt=\"10_DSC0184\" \/><\/a><\/div><div class=\"su-carousel-slide\"><a href=\"https:\/\/radani.agency\/mauritius\/location-villas-radani\/wp-content\/uploads\/sites\/9\/2016\/02\/09_DSC0180.jpg\" target=\"_blank\" title=\"09_DSC0180\"><img decoding=\"async\" src=\"https:\/\/radani.agency\/mauritius\/location-villas-radani\/wp-content\/uploads\/sites\/9\/2016\/02\/09_DSC0180.jpg\" alt=\"09_DSC0180\" \/><\/a><\/div><div class=\"su-carousel-slide\"><a href=\"https:\/\/radani.agency\/mauritius\/location-villas-radani\/wp-content\/uploads\/sites\/9\/2016\/02\/08_DSC0177.jpg\" target=\"_blank\" title=\"08_DSC0177\"><img decoding=\"async\" src=\"https:\/\/radani.agency\/mauritius\/location-villas-radani\/wp-content\/uploads\/sites\/9\/2016\/02\/08_DSC0177.jpg\" alt=\"08_DSC0177\" \/><\/a><\/div><\/div><div class=\"su-carousel-nav\"><div class=\"su-carousel-direction\"><span class=\"su-carousel-prev\"><\/span><span class=\"su-carousel-next\"><\/span><\/div><div class=\"su-carousel-pagination\"><\/div><\/div><\/div>\n","protected":false},"excerpt":{"rendered":"","protected":false},"author":1,"featured_media":0,"parent":0,"menu_order":0,"comment_status":"closed","ping_status":"closed","template":"","meta":{"footnotes":""},"class_list":["post-1108","page","type-page","status-publish","czr-hentry"],"yoast_head":"<!-- This site is optimized with the Yoast SEO plugin v25.9 - https:\/\/yoast.com\/wordpress\/plugins\/seo\/ -->\n<title>Accueil chaleureux - Bienvenue aux Villas Radani<\/title>\n<meta name=\"robots\" content=\"noindex, follow, max-snippet:-1, max-image-preview:large, max-video-preview:-1\" \/>\n<meta property=\"og:locale\" content=\"en_US\" \/>\n<meta property=\"og:type\" content=\"article\" \/>\n<meta property=\"og:title\" content=\"Accueil chaleureux - Bienvenue aux Villas Radani\" \/>\n<meta property=\"og:url\" content=\"https:\/\/radani.agency\/mauritius\/location-villas-radani\/accueil-chaleureux-bienvenue-2\/\" \/>\n<meta property=\"og:site_name\" content=\"Bienvenue aux Villas Radani\" \/>\n<meta property=\"article:modified_time\" content=\"2024-04-28T07:59:09+00:00\" \/>\n<meta property=\"og:image\" content=\"http:\/\/radani.agency\/mauritius\/location-villas-radani\/wp-content\/uploads\/sites\/9\/2024\/04\/R1_Chapeau-1024x768-1-300x225.jpg\" \/>\n<meta name=\"twitter:label1\" content=\"Est. reading time\" \/>\n\t<meta name=\"twitter:data1\" content=\"1 minute\" \/>\n<script type=\"application\/ld+json\" class=\"yoast-schema-graph\">{\"@context\":\"https:\/\/schema.org\",\"@graph\":[{\"@type\":\"WebPage\",\"@id\":\"https:\/\/radani.agency\/mauritius\/location-villas-radani\/accueil-chaleureux-bienvenue-2\/\",\"url\":\"https:\/\/radani.agency\/mauritius\/location-villas-radani\/accueil-chaleureux-bienvenue-2\/\",\"name\":\"Accueil chaleureux - Bienvenue aux Villas Radani\",\"isPartOf\":{\"@id\":\"https:\/\/radani.agency\/mauritius\/location-villas-radani\/#website\"},\"primaryImageOfPage\":{\"@id\":\"https:\/\/radani.agency\/mauritius\/location-villas-radani\/accueil-chaleureux-bienvenue-2\/#primaryimage\"},\"image\":{\"@id\":\"https:\/\/radani.agency\/mauritius\/location-villas-radani\/accueil-chaleureux-bienvenue-2\/#primaryimage\"},\"thumbnailUrl\":\"http:\/\/radani.agency\/mauritius\/location-villas-radani\/wp-content\/uploads\/sites\/9\/2024\/04\/R1_Chapeau-1024x768-1-300x225.jpg\",\"datePublished\":\"2019-06-16T14:19:25+00:00\",\"dateModified\":\"2024-04-28T07:59:09+00:00\",\"breadcrumb\":{\"@id\":\"https:\/\/radani.agency\/mauritius\/location-villas-radani\/accueil-chaleureux-bienvenue-2\/#breadcrumb\"},\"inLanguage\":\"en-US\",\"potentialAction\":[{\"@type\":\"ReadAction\",\"target\":[\"https:\/\/radani.agency\/mauritius\/location-villas-radani\/accueil-chaleureux-bienvenue-2\/\"]}]},{\"@type\":\"ImageObject\",\"inLanguage\":\"en-US\",\"@id\":\"https:\/\/radani.agency\/mauritius\/location-villas-radani\/accueil-chaleureux-bienvenue-2\/#primaryimage\",\"url\":\"https:\/\/radani.agency\/mauritius\/location-villas-radani\/wp-content\/uploads\/sites\/9\/2024\/04\/R1_Chapeau-1024x768-1.jpg\",\"contentUrl\":\"https:\/\/radani.agency\/mauritius\/location-villas-radani\/wp-content\/uploads\/sites\/9\/2024\/04\/R1_Chapeau-1024x768-1.jpg\",\"width\":1024,\"height\":768},{\"@type\":\"BreadcrumbList\",\"@id\":\"https:\/\/radani.agency\/mauritius\/location-villas-radani\/accueil-chaleureux-bienvenue-2\/#breadcrumb\",\"itemListElement\":[{\"@type\":\"ListItem\",\"position\":1,\"name\":\"Home\",\"item\":\"https:\/\/radani.agency\/mauritius\/location-villas-radani\/en-gb\/\"},{\"@type\":\"ListItem\",\"position\":2,\"name\":\"Accueil chaleureux\"}]},{\"@type\":\"WebSite\",\"@id\":\"https:\/\/radani.agency\/mauritius\/location-villas-radani\/#website\",\"url\":\"https:\/\/radani.agency\/mauritius\/location-villas-radani\/\",\"name\":\"Bienvenue aux Villas Radani\",\"description\":\"Plus qu\u2019un Voyage\u2026 une Rencontre\",\"potentialAction\":[{\"@type\":\"SearchAction\",\"target\":{\"@type\":\"EntryPoint\",\"urlTemplate\":\"https:\/\/radani.agency\/mauritius\/location-villas-radani\/?s={search_term_string}\"},\"query-input\":{\"@type\":\"PropertyValueSpecification\",\"valueRequired\":true,\"valueName\":\"search_term_string\"}}],\"inLanguage\":\"en-US\"}]}<\/script>\n<!-- \/ Yoast SEO plugin. -->","yoast_head_json":{"title":"Accueil chaleureux - Bienvenue aux Villas Radani","robots":{"index":"noindex","follow":"follow","max-snippet":"max-snippet:-1","max-image-preview":"max-image-preview:large","max-video-preview":"max-video-preview:-1"},"og_locale":"en_US","og_type":"article","og_title":"Accueil chaleureux - Bienvenue aux Villas Radani","og_url":"https:\/\/radani.agency\/mauritius\/location-villas-radani\/accueil-chaleureux-bienvenue-2\/","og_site_name":"Bienvenue aux Villas Radani","article_modified_time":"2024-04-28T07:59:09+00:00","og_image":[{"url":"http:\/\/radani.agency\/mauritius\/location-villas-radani\/wp-content\/uploads\/sites\/9\/2024\/04\/R1_Chapeau-1024x768-1-300x225.jpg","type":"","width":"","height":""}],"twitter_misc":{"Est. reading time":"1 minute"},"schema":{"@context":"https:\/\/schema.org","@graph":[{"@type":"WebPage","@id":"https:\/\/radani.agency\/mauritius\/location-villas-radani\/accueil-chaleureux-bienvenue-2\/","url":"https:\/\/radani.agency\/mauritius\/location-villas-radani\/accueil-chaleureux-bienvenue-2\/","name":"Accueil chaleureux - Bienvenue aux Villas Radani","isPartOf":{"@id":"https:\/\/radani.agency\/mauritius\/location-villas-radani\/#website"},"primaryImageOfPage":{"@id":"https:\/\/radani.agency\/mauritius\/location-villas-radani\/accueil-chaleureux-bienvenue-2\/#primaryimage"},"image":{"@id":"https:\/\/radani.agency\/mauritius\/location-villas-radani\/accueil-chaleureux-bienvenue-2\/#primaryimage"},"thumbnailUrl":"http:\/\/radani.agency\/mauritius\/location-villas-radani\/wp-content\/uploads\/sites\/9\/2024\/04\/R1_Chapeau-1024x768-1-300x225.jpg","datePublished":"2019-06-16T14:19:25+00:00","dateModified":"2024-04-28T07:59:09+00:00","breadcrumb":{"@id":"https:\/\/radani.agency\/mauritius\/location-villas-radani\/accueil-chaleureux-bienvenue-2\/#breadcrumb"},"inLanguage":"en-US","potentialAction":[{"@type":"ReadAction","target":["https:\/\/radani.agency\/mauritius\/location-villas-radani\/accueil-chaleureux-bienvenue-2\/"]}]},{"@type":"ImageObject","inLanguage":"en-US","@id":"https:\/\/radani.agency\/mauritius\/location-villas-radani\/accueil-chaleureux-bienvenue-2\/#primaryimage","url":"https:\/\/radani.agency\/mauritius\/location-villas-radani\/wp-content\/uploads\/sites\/9\/2024\/04\/R1_Chapeau-1024x768-1.jpg","contentUrl":"https:\/\/radani.agency\/mauritius\/location-villas-radani\/wp-content\/uploads\/sites\/9\/2024\/04\/R1_Chapeau-1024x768-1.jpg","width":1024,"height":768},{"@type":"BreadcrumbList","@id":"https:\/\/radani.agency\/mauritius\/location-villas-radani\/accueil-chaleureux-bienvenue-2\/#breadcrumb","itemListElement":[{"@type":"ListItem","position":1,"name":"Home","item":"https:\/\/radani.agency\/mauritius\/location-villas-radani\/en-gb\/"},{"@type":"ListItem","position":2,"name":"Accueil chaleureux"}]},{"@type":"WebSite","@id":"https:\/\/radani.agency\/mauritius\/location-villas-radani\/#website","url":"https:\/\/radani.agency\/mauritius\/location-villas-radani\/","name":"Bienvenue aux Villas Radani","description":"Plus qu\u2019un Voyage\u2026 une Rencontre","potentialAction":[{"@type":"SearchAction","target":{"@type":"EntryPoint","urlTemplate":"https:\/\/radani.agency\/mauritius\/location-villas-radani\/?s={search_term_string}"},"query-input":{"@type":"PropertyValueSpecification","valueRequired":true,"valueName":"search_term_string"}}],"inLanguage":"en-US"}]}},"_links":{"self":[{"href":"https:\/\/radani.agency\/mauritius\/location-villas-radani\/wp-json\/wp\/v2\/pages\/1108","targetHints":{"allow":["GET"]}}],"collection":[{"href":"https:\/\/radani.agency\/mauritius\/location-villas-radani\/wp-json\/wp\/v2\/pages"}],"about":[{"href":"https:\/\/radani.agency\/mauritius\/location-villas-radani\/wp-json\/wp\/v2\/types\/page"}],"author":[{"embeddable":true,"href":"https:\/\/radani.agency\/mauritius\/location-villas-radani\/wp-json\/wp\/v2\/users\/1"}],"replies":[{"embeddable":true,"href":"https:\/\/radani.agency\/mauritius\/location-villas-radani\/wp-json\/wp\/v2\/comments?post=1108"}],"version-history":[{"count":6,"href":"https:\/\/radani.agency\/mauritius\/location-villas-radani\/wp-json\/wp\/v2\/pages\/1108\/revisions"}],"predecessor-version":[{"id":1480,"href":"https:\/\/radani.agency\/mauritius\/location-villas-radani\/wp-json\/wp\/v2\/pages\/1108\/revisions\/1480"}],"wp:attachment":[{"href":"https:\/\/radani.agency\/mauritius\/location-villas-radani\/wp-json\/wp\/v2\/media?parent=1108"}],"curies":[{"name":"wp","href":"https:\/\/api.w.org\/{rel}","templated":true}]}}